{"id":1059,"date":"2024-04-18T00:07:39","date_gmt":"2024-04-17T22:07:39","guid":{"rendered":"https:\/\/juanllamosas.com\/demo2\/?page_id=1059"},"modified":"2025-07-29T17:18:03","modified_gmt":"2025-07-29T20:18:03","slug":"formacion","status":"publish","type":"page","link":"https:\/\/juanllamosas.com\/demo2\/formacion\/","title":{"rendered":"Formaci\u00f3n"},"content":{"rendered":"\n<div class=\"wp-block-uagb-container uagb-block-2861693e alignfull uagb-is-root-container\"><div class=\"uagb-container-inner-blocks-wrap\">\n<div class=\"wp-block-uagb-info-box uagb-block-712a4921 uagb-infobox__content-wrap  uagb-infobox-icon-above-title uagb-infobox-image-valign-top\"><div class=\"uagb-ifb-content\"><div class=\"uagb-ifb-title-wrap\"><h3 class=\"uagb-ifb-title\">Formaci\u00f3n en Astrolog\u00eda y Conciencia&nbsp;<\/h3><\/div><div class=\"uagb-ifb-separator\"><\/div><\/div><\/div>\n<\/div><\/div>\n\n\n\n<div class=\"wp-block-uagb-container uagb-block-af59b972 alignfull uagb-is-root-container\"><div class=\"uagb-container-inner-blocks-wrap\">\n<div class=\"wp-block-uagb-container uagb-block-cf540873\">\n<div class=\"wp-block-uagb-image uagb-block-1a3d0404 wp-block-uagb-image--layout-default wp-block-uagb-image--effect-static wp-block-uagb-image--align-none\"><figure class=\"wp-block-uagb-image__figure\"><img decoding=\"async\" srcset=\"https:\/\/juanllamosas.com\/demo2\/wp-content\/uploads\/2025\/07\/formacion-astrologia.jpg ,https:\/\/juanllamosas.com\/demo2\/wp-content\/uploads\/2025\/07\/formacion-astrologia.jpg 780w, https:\/\/juanllamosas.com\/demo2\/wp-content\/uploads\/2025\/07\/formacion-astrologia.jpg 360w\" sizes=\"auto, (max-width: 480px) 150px\" src=\"https:\/\/juanllamosas.com\/demo2\/wp-content\/uploads\/2025\/07\/formacion-astrologia.jpg\" alt=\"\" class=\"uag-image-2628\" width=\"573\" height=\"399\" title=\"formacion-astrologia\" loading=\"lazy\" role=\"img\"\/><\/figure><\/div>\n<\/div>\n\n\n\n<div class=\"wp-block-uagb-container uagb-block-b35b94fc\">\n<div class=\"wp-block-uagb-info-box uagb-block-3287b274 uagb-infobox__content-wrap  uagb-infobox-icon-above-title uagb-infobox-image-valign-top\"><div class=\"uagb-ifb-content\"><div class=\"uagb-ifb-title-wrap\"><h2 class=\"uagb-ifb-title\">Un Camino de Integraci\u00f3n Consciente<\/h2><\/div><div class=\"uagb-ifb-separator\"><\/div><p class=\"uagb-ifb-desc\">En vivo por Zoom, dictada por Margarita Llada.<br><br><strong>Pr\u00f3ximo grupo inicia: febrero 2026 (reserva tu vacante, grupo reducido)<\/strong>.<\/p><div class=\"uagb-ifb-button-wrapper wp-block-button\"><a href=\"https:\/\/juanllamosas.com\/demo2\/formacion-registro\/\" class=\"uagb-infobox-cta-link wp-block-button__link\" target=\"_blank\" rel=\"noopener noreferrer\" onclick=\"return true;\"><span class=\"uagb-inline-editing\">Ver charla presentaci\u00f3n<\/span><svg xmlns=\"https:\/\/www.w3.org\/2000\/svg\" viewBox=\"0 0 448 512\"><path d=\"M256 64C256 46.33 270.3 32 288 32H415.1C415.1 32 415.1 32 415.1 32C420.3 32 424.5 32.86 428.2 34.43C431.1 35.98 435.5 38.27 438.6 41.3C438.6 41.35 438.6 41.4 438.7 41.44C444.9 47.66 447.1 55.78 448 63.9C448 63.94 448 63.97 448 64V192C448 209.7 433.7 224 416 224C398.3 224 384 209.7 384 192V141.3L214.6 310.6C202.1 323.1 181.9 323.1 169.4 310.6C156.9 298.1 156.9 277.9 169.4 265.4L338.7 96H288C270.3 96 256 81.67 256 64V64zM0 128C0 92.65 28.65 64 64 64H160C177.7 64 192 78.33 192 96C192 113.7 177.7 128 160 128H64V416H352V320C352 302.3 366.3 288 384 288C401.7 288 416 302.3 416 320V416C416 451.3 387.3 480 352 480H64C28.65 480 0 451.3 0 416V128z\"><\/path><\/svg><\/a><\/div><\/div><\/div>\n<\/div>\n<\/div><\/div>\n\n\n\n<div class=\"wp-block-uagb-container uagb-block-23643c91 alignfull uagb-is-root-container\"><div class=\"uagb-container-inner-blocks-wrap\">\n<div class=\"wp-block-uagb-info-box uagb-block-64de316e uagb-infobox__content-wrap  uagb-infobox-icon-above-title uagb-infobox-image-valign-top\"><div class=\"uagb-ifb-content\"><div class=\"uagb-ifb-title-wrap\"><h3 class=\"uagb-ifb-title\">Esta formaci\u00f3n es un camino de descubrimiento, aprendizaje y pr\u00e1ctica de la astrolog\u00eda, dise\u00f1ado para profundizar en los procesos de integraci\u00f3n del Ser.<\/h3><\/div><\/div><\/div>\n\n\n\n<p>Estamos viviendo un tiempo de despertar. Cada vez m\u00e1s personas sentimos el llamado a trascender las fronteras de la individualidad, a explorar significados m\u00e1s amplios y a participar activamente en la evoluci\u00f3n de la conciencia colectiva. En lo personal, mi alma me impulsa a compartir el recorrido que he transitado, con el prop\u00f3sito de que otros puedan continuar este legado, integrando y aplicando los conocimientos y habilidades que he desarrollado a lo largo de mi trayectoria.<\/p>\n\n\n\n<p>Este programa combina el estudio, pr\u00e1ctica e interpretaci\u00f3n astrol\u00f3gica con la obra de Carl Gustav Jung, con mis propias intuiciones y exploraciones de sabidur\u00edas esot\u00e9ricas, y el extenso estudio que he realizado y publicado sobre la evoluci\u00f3n de la Conciencia Humana.<\/p>\n\n\n\n<p>Si bien la formaci\u00f3n se fundamenta en m\u00faltiples saberes\u2014astrol\u00f3gicos, psicol\u00f3gicos, esot\u00e9ricos y evolutivos\u2014, desde el inicio se enfoca en que desarrolles tu percepci\u00f3n, sensibilidad e intuici\u00f3n. No se trata solo de adquirir conocimiento, sino de expandir tus habilidades para conectar profundamente con el Alma humana.<\/p>\n\n\n\n<p>Para ello, he dise\u00f1ado recursos did\u00e1cticos que te permitir\u00e1n avanzar r\u00e1pidamente. He sintetizado mi propio camino evolutivo y la experiencia adquirida en a\u00f1os de acompa\u00f1amiento a cientos de personas en sus procesos de transformaci\u00f3n.<\/p>\n\n\n\n<p>Dicho de manera simple: esta formaci\u00f3n es una entrega desde el alma. De manera accesible y pr\u00e1ctica, compartir\u00e9 el camino recorrido para que, mediante la pr\u00e1ctica astrol\u00f3gica, puedas asumir tu rol como facilitador del gran despertar de la Conciencia humana.<\/p>\n<\/div><\/div>\n\n\n\n<div class=\"wp-block-uagb-container uagb-block-8e2fd220 alignfull uagb-is-root-container\"><div class=\"uagb-container-inner-blocks-wrap\">\n<div class=\"wp-block-uagb-container uagb-block-b1c6a153\">\n<div class=\"wp-block-uagb-info-box uagb-block-5fecb8fe uagb-infobox__content-wrap  uagb-infobox-icon-above-title uagb-infobox-image-valign-top\"><div class=\"uagb-ifb-content\"><div class=\"uagb-ifb-title-wrap\"><h3 class=\"uagb-ifb-title\">A quienes est\u00e1 dirigida<\/h3><\/div><div class=\"uagb-ifb-separator\"><\/div><\/div><\/div>\n\n\n\n<div class=\"wp-block-uagb-icon-list uagb-block-c7622b21\"><div class=\"uagb-icon-list__wrap\">\n<div class=\"wp-block-uagb-icon-list-child uagb-block-6ef2c241\"><span class=\"uagb-icon-list__source-wrap\"><svg xmlns=\"https:\/\/www.w3.org\/2000\/svg\" viewBox=\"0 0 320 512\"><path d=\"M96 480c-8.188 0-16.38-3.125-22.62-9.375c-12.5-12.5-12.5-32.75 0-45.25L242.8 256L73.38 86.63c-12.5-12.5-12.5-32.75 0-45.25s32.75-12.5 45.25 0l192 192c12.5 12.5 12.5 32.75 0 45.25l-192 192C112.4 476.9 104.2 480 96 480z\"><\/path><\/svg><\/span><span class=\"uagb-icon-list__label\">Personas con capacidad de an\u00e1lisis, una mente abierta a la investigaci\u00f3n y al autoconocimiento, ya sea a trav\u00e9s de formaci\u00f3n acad\u00e9mica o de un camino autodidacta.<\/span><\/div>\n\n\n\n<div class=\"wp-block-uagb-icon-list-child uagb-block-77f0ad81\"><span class=\"uagb-icon-list__source-wrap\"><svg xmlns=\"https:\/\/www.w3.org\/2000\/svg\" viewBox=\"0 0 320 512\"><path d=\"M96 480c-8.188 0-16.38-3.125-22.62-9.375c-12.5-12.5-12.5-32.75 0-45.25L242.8 256L73.38 86.63c-12.5-12.5-12.5-32.75 0-45.25s32.75-12.5 45.25 0l192 192c12.5 12.5 12.5 32.75 0 45.25l-192 192C112.4 476.9 104.2 480 96 480z\"><\/path><\/svg><\/span><span class=\"uagb-icon-list__label\">Terapeutas, coach o facilitadores que deseen integrar la astrolog\u00eda, la psicolog\u00eda junguiana y las ciencias esot\u00e9ricas en su pr\u00e1ctica, ampliando su comprensi\u00f3n de los procesos de transformaci\u00f3n humana.<\/span><\/div>\n\n\n\n<div class=\"wp-block-uagb-icon-list-child uagb-block-24f96457\"><span class=\"uagb-icon-list__source-wrap\"><svg xmlns=\"https:\/\/www.w3.org\/2000\/svg\" viewBox=\"0 0 320 512\"><path d=\"M96 480c-8.188 0-16.38-3.125-22.62-9.375c-12.5-12.5-12.5-32.75 0-45.25L242.8 256L73.38 86.63c-12.5-12.5-12.5-32.75 0-45.25s32.75-12.5 45.25 0l192 192c12.5 12.5 12.5 32.75 0 45.25l-192 192C112.4 476.9 104.2 480 96 480z\"><\/path><\/svg><\/span><span class=\"uagb-icon-list__label\">Personas interesadas en explorar la evoluci\u00f3n de la conciencia humana y los procesos colectivos desde una perspectiva astrol\u00f3gica, junguiana y esot\u00e9rica.<\/span><\/div>\n<\/div><\/div>\n<\/div>\n\n\n\n<div class=\"wp-block-uagb-container uagb-block-f6addb4f\">\n<figure class=\"wp-block-image size-full has-custom-border\"><img loading=\"lazy\" decoding=\"async\" width=\"544\" height=\"476\" src=\"https:\/\/juanllamosas.com\/demo2\/wp-content\/uploads\/2025\/01\/carta-beb.png\" alt=\"\" class=\"wp-image-2016\" style=\"border-radius:16px\" srcset=\"https:\/\/juanllamosas.com\/demo2\/wp-content\/uploads\/2025\/01\/carta-beb.png 544w, https:\/\/juanllamosas.com\/demo2\/wp-content\/uploads\/2025\/01\/carta-beb-360x315.png 360w\" sizes=\"auto, (max-width: 544px) 100vw, 544px\" \/><\/figure>\n<\/div>\n<\/div><\/div>\n\n\n\n<div class=\"wp-block-uagb-container uagb-block-98b68fa3 alignfull uagb-is-root-container\"><div class=\"uagb-container-inner-blocks-wrap\">\n<div class=\"wp-block-uagb-container uagb-block-32f489fb alignfull uagb-is-root-container\"><div class=\"uagb-container-inner-blocks-wrap\">\n<div class=\"wp-block-uagb-container uagb-block-e301b8b3\"><\/div>\n\n\n\n<div class=\"wp-block-uagb-container uagb-block-40daf96e\">\n<div class=\"wp-block-uagb-info-box uagb-block-f362fdae uagb-infobox__content-wrap  uagb-infobox-icon-above-title uagb-infobox-image-valign-top\"><div class=\"uagb-ifb-content\"><div class=\"uagb-ifb-title-wrap\"><h4 class=\"uagb-ifb-title\">Inscribite en la Formaci\u00f3n<\/h4><\/div><p class=\"uagb-ifb-desc\">Escribime para reservar tu lugar o hacerme cualquier pregunta. El pr\u00f3ximo grupo inicia en febrero 2026.<\/p><div class=\"uagb-ifb-button-wrapper wp-block-button\"><a href=\"https:\/\/api.whatsapp.com\/send?phone=5491151116836&amp;text=Me%20contacto%20por%20la%20Formacion.%20Mi%20nombre%20es%20...\" class=\"uagb-infobox-cta-link wp-block-button__link\" target=\"_blank\" rel=\"noopener noreferrer\" onclick=\"return true;\"><svg xmlns=\"https:\/\/www.w3.org\/2000\/svg\" viewBox=\"0 0 448 512\"><path d=\"M380.9 97.1C339 55.1 283.2 32 223.9 32c-122.4 0-222 99.6-222 222 0 39.1 10.2 77.3 29.6 111L0 480l117.7-30.9c32.4 17.7 68.9 27 106.1 27h.1c122.3 0 224.1-99.6 224.1-222 0-59.3-25.2-115-67.1-157zm-157 341.6c-33.2 0-65.7-8.9-94-25.7l-6.7-4-69.8 18.3L72 359.2l-4.4-7c-18.5-29.4-28.2-63.3-28.2-98.2 0-101.7 82.8-184.5 184.6-184.5 49.3 0 95.6 19.2 130.4 54.1 34.8 34.9 56.2 81.2 56.1 130.5 0 101.8-84.9 184.6-186.6 184.6zm101.2-138.2c-5.5-2.8-32.8-16.2-37.9-18-5.1-1.9-8.8-2.8-12.5 2.8-3.7 5.6-14.3 18-17.6 21.8-3.2 3.7-6.5 4.2-12 1.4-32.6-16.3-54-29.1-75.5-66-5.7-9.8 5.7-9.1 16.3-30.3 1.8-3.7 .9-6.9-.5-9.7-1.4-2.8-12.5-30.1-17.1-41.2-4.5-10.8-9.1-9.3-12.5-9.5-3.2-.2-6.9-.2-10.6-.2-3.7 0-9.7 1.4-14.8 6.9-5.1 5.6-19.4 19-19.4 46.3 0 27.3 19.9 53.7 22.6 57.4 2.8 3.7 39.1 59.7 94.8 83.8 35.2 15.2 49 16.5 66.6 13.9 10.7-1.6 32.8-13.4 37.4-26.4 4.6-13 4.6-24.1 3.2-26.4-1.3-2.5-5-3.9-10.5-6.6z\"><\/path><\/svg><span class=\"uagb-inline-editing\">+54 9 11 5111-6836<\/span><\/a><\/div><\/div><\/div>\n<\/div>\n<\/div><\/div>\n<\/div><\/div>\n","protected":false},"excerpt":{"rendered":"<p>Estamos viviendo un tiempo de despertar. Cada vez m\u00e1s personas sentimos el llamado a trascender las fronteras de la individualidad, a explorar significados m\u00e1s amplios y a participar activamente en la evoluci\u00f3n de la conciencia colectiva. En lo personal, mi alma me impulsa a compartir el recorrido que he transitado, con el prop\u00f3sito de que [&hellip;]<\/p>\n","protected":false},"author":5,"featured_media":0,"parent":0,"menu_order":0,"comment_status":"closed","ping_status":"closed","template":"","meta":{"_uag_custom_page_level_css":".cky-consent-container {display:none !important}\n\n","site-sidebar-layout":"default","site-content-layout":"","ast-site-content-layout":"default","site-content-style":"default","site-sidebar-style":"default","ast-global-header-display":"","ast-banner-title-visibility":"","ast-main-header-display":"","ast-hfb-above-header-display":"","ast-hfb-below-header-display":"","ast-hfb-mobile-header-display":"","site-post-title":"disabled","ast-breadcrumbs-content":"","ast-featured-img":"","footer-sml-layout":"","ast-disable-related-posts":"","theme-transparent-header-meta":"","adv-header-id-meta":"","stick-header-meta":"","header-above-stick-meta":"","header-main-stick-meta":"","header-below-stick-meta":"","astra-migrate-meta-layouts":"set","ast-page-background-enabled":"default","ast-page-background-meta":{"desktop":{"background-color":"var(--ast-global-color-4)","background-image":"","background-repeat":"repeat","background-position":"center center","background-size":"auto","background-attachment":"scroll","background-type":"","background-media":"","overlay-type":"","overlay-color":"","overlay-opacity":"","overlay-gradient":""},"tablet":{"background-color":"","background-image":"","background-repeat":"repeat","background-position":"center center","background-size":"auto","background-attachment":"scroll","background-type":"","background-media":"","overlay-type":"","overlay-color":"","overlay-opacity":"","overlay-gradient":""},"mobile":{"background-color":"","background-image":"","background-repeat":"repeat","background-position":"center center","background-size":"auto","background-attachment":"scroll","background-type":"","background-media":"","overlay-type":"","overlay-color":"","overlay-opacity":"","overlay-gradient":""}},"ast-content-background-meta":{"desktop":{"background-color":"var(--ast-global-color-5)","background-image":"","background-repeat":"repeat","background-position":"center center","background-size":"auto","background-attachment":"scroll","background-type":"","background-media":"","overlay-type":"","overlay-color":"","overlay-opacity":"","overlay-gradient":""},"tablet":{"background-color":"var(--ast-global-color-5)","background-image":"","background-repeat":"repeat","background-position":"center center","background-size":"auto","background-attachment":"scroll","background-type":"","background-media":"","overlay-type":"","overlay-color":"","overlay-opacity":"","overlay-gradient":""},"mobile":{"background-color":"var(--ast-global-color-5)","background-image":"","background-repeat":"repeat","background-position":"center center","background-size":"auto","background-attachment":"scroll","background-type":"","background-media":"","overlay-type":"","overlay-color":"","overlay-opacity":"","overlay-gradient":""}},"footnotes":""},"class_list":["post-1059","page","type-page","status-publish","hentry"],"uagb_featured_image_src":{"full":false,"thumbnail":false,"medium":false,"medium_large":false,"large":false,"1536x1536":false,"2048x2048":false},"uagb_author_info":{"display_name":"Admin","author_link":"https:\/\/juanllamosas.com\/demo2\/author\/sadmin\/"},"uagb_comment_info":0,"uagb_excerpt":"Estamos viviendo un tiempo de despertar. Cada vez m\u00e1s personas sentimos el llamado a trascender las fronteras de la individualidad, a explorar significados m\u00e1s amplios y a participar activamente en la evoluci\u00f3n de la conciencia colectiva. En lo personal, mi alma me impulsa a compartir el recorrido que he transitado, con el prop\u00f3sito de que&hellip;","_links":{"self":[{"href":"https:\/\/juanllamosas.com\/demo2\/wp-json\/wp\/v2\/pages\/1059","targetHints":{"allow":["GET"]}}],"collection":[{"href":"https:\/\/juanllamosas.com\/demo2\/wp-json\/wp\/v2\/pages"}],"about":[{"href":"https:\/\/juanllamosas.com\/demo2\/wp-json\/wp\/v2\/types\/page"}],"author":[{"embeddable":true,"href":"https:\/\/juanllamosas.com\/demo2\/wp-json\/wp\/v2\/users\/5"}],"replies":[{"embeddable":true,"href":"https:\/\/juanllamosas.com\/demo2\/wp-json\/wp\/v2\/comments?post=1059"}],"version-history":[{"count":217,"href":"https:\/\/juanllamosas.com\/demo2\/wp-json\/wp\/v2\/pages\/1059\/revisions"}],"predecessor-version":[{"id":2784,"href":"https:\/\/juanllamosas.com\/demo2\/wp-json\/wp\/v2\/pages\/1059\/revisions\/2784"}],"wp:attachment":[{"href":"https:\/\/juanllamosas.com\/demo2\/wp-json\/wp\/v2\/media?parent=1059"}],"curies":[{"name":"wp","href":"https:\/\/api.w.org\/{rel}","templated":true}]}}