{"id":708,"date":"2023-08-19T10:10:01","date_gmt":"2023-08-19T08:10:01","guid":{"rendered":"https:\/\/juanllamosas.com\/demo2\/?page_id=708"},"modified":"2025-07-29T17:53:07","modified_gmt":"2025-07-29T20:53:07","slug":"politica-privacidad","status":"publish","type":"page","link":"https:\/\/juanllamosas.com\/demo2\/politica-privacidad\/","title":{"rendered":"Legales: Pol\u00edtica de privacidad"},"content":{"rendered":"\n<div class=\"wp-block-uagb-container uagb-block-2861693e alignfull uagb-is-root-container\"><div class=\"uagb-container-inner-blocks-wrap\">\n<div class=\"wp-block-uagb-info-box uagb-block-1e8d9acf uagb-infobox__content-wrap  uagb-infobox-icon-above-title uagb-infobox-image-valign-top\"><div class=\"uagb-ifb-content\"><div class=\"uagb-ifb-title-wrap\"><h1 class=\"uagb-ifb-title\">Pol\u00edtica de privacidad y protecci\u00f3n de datos<\/h1><\/div><\/div><\/div>\n<\/div><\/div>\n\n\n\n<div class=\"wp-block-uagb-container uagb-block-565c829f alignfull uagb-is-root-container\"><div class=\"uagb-container-inner-blocks-wrap\">\n<h2 class=\"wp-block-heading\">1. Informaci\u00f3n sobre el responsable del tratamiento de los datos personales<\/h2>\n\n\n\n<p>La responsable del tratamiento de los datos recabados a trav\u00e9s de los sitios web:<\/p>\n\n\n\n<p><a href=\"https:\/\/www.concienciosofia.com.ar\">https:\/\/www.concienciosofia.com.ar<\/a><\/p>\n\n\n\n<p>(en adelante, la \u201cWeb\u201d o el \u201cSitio Web\u201d) es MARGARITA EDITH LLADA, con CUIT. N\u00ba 27-12986437-6, con domicilio en&nbsp;la Ciudad de Buenos Aires, Argentina, e inscrito como Monotributista. En adelante MARGARITA LLADA.<\/p>\n\n\n\n<p>Puede comunicarse con MARGARITA LLADA, para cualquier aspecto relacionado con esta pol\u00edtica de privacidad, en la direcci\u00f3n de email: contacto@concienciosofia.com.ar<\/p>\n\n\n\n<h2 class=\"wp-block-heading\">2. Finalidad del tratamiento de los datos personales<\/h2>\n\n\n\n<h3 class=\"wp-block-heading\">2.1. \u00bfCon qu\u00e9 finalidad trataremos tus datos personales?<\/h3>\n\n\n\n<p>En MARGARITA LLADA trataremos tus datos personales, recabados a trav\u00e9s del Sitio Web con las siguientes finalidades:<\/p>\n\n\n\n<p>a) En caso de contrataci\u00f3n de los bienes y servicios ofertados a trav\u00e9s del Sitio Web, para mantener la relaci\u00f3n contractual, as\u00ed como la gesti\u00f3n, administraci\u00f3n, informaci\u00f3n, prestaci\u00f3n y mejora del servicio.<\/p>\n\n\n\n<p>b) Env\u00edo de informaci\u00f3n solicitada a trav\u00e9s de los formularios dispuestos en el Sitio Web.<\/p>\n\n\n\n<p>c) Remitir boletines (<em>newsletters)<\/em>, as\u00ed como comunicaciones comerciales de promociones y\/o publicidad del Sitio Web y del sector del Marketing Digital.<\/p>\n\n\n\n<p>Te recordamos que puedes oponerte al env\u00edo de comunicaciones comerciales por cualquier v\u00eda &nbsp;y en cualquier momento, remitiendo un correo electr\u00f3nico a la direcci\u00f3n de correo electr\u00f3nico indicada anteriormente.<\/p>\n\n\n\n<p>Los campos de dichos registros son de cumplimentaci\u00f3n obligatoria, siendo imposible realizar las finalidades expresadas si no se aportan esos datos.<\/p>\n\n\n\n<h2 class=\"wp-block-heading\">2.2. \u00bfPor cu\u00e1nto tiempo se conservan los datos personales recabados?<\/h2>\n\n\n\n<p>Los datos personales proporcionados se conservar\u00e1n mientras se mantenga la relaci\u00f3n comercial o no solicites su supresi\u00f3n y durante el plazo por el cu\u00e1l pudieran derivarse responsabilidades legales por los servicios prestados.<\/p>\n\n\n\n<h2 class=\"wp-block-heading\">3. Legitimaci\u00f3n<\/h2>\n\n\n\n<p>El tratamiento de tus datos se realiza con las siguientes bases jur\u00eddicas que legitiman el mismo:<\/p>\n\n\n\n<p>a) La solicitud de informaci\u00f3n y\/o la contrataci\u00f3n de los servicios de MARGARITA LLADA, cuyos t\u00e9rminos y condiciones se pondr\u00e1n a tu disposici\u00f3n en todo caso, de forma previa a una eventual contrataci\u00f3n.<\/p>\n\n\n\n<p>b) El consentimiento libre, espec\u00edfico, informado e inequ\u00edvoco, en tanto que te informamos poniendo a tu disposici\u00f3n la presente pol\u00edtica de privacidad, que tras la lectura de la misma, en caso de estar conforme, puedes aceptar mediante una declaraci\u00f3n o una clara acci\u00f3n afirmativa, como el marcado de una casilla dispuesta al efecto.<\/p>\n\n\n\n<p>En caso de que no nos facilites tus datos o los hagas de forma err\u00f3nea o incompleta, no podremos atender tu solicitud, resultando del todo imposible proporcionarte la informaci\u00f3n solicitada o llevar a cabo la contrataci\u00f3n de los servicios.<\/p>\n\n\n\n<h2 class=\"wp-block-heading\">4. Destinatarios<\/h2>\n\n\n\n<p>Los datos no se comunicar\u00e1n a ning\u00fan tercero ajeno a MARGARITA LLADA, salvo obligaci\u00f3n legal.<\/p>\n\n\n\n<p>Como encargados de tratamiento, tenemos contratados los siguientes proveedores de servicios, que se han comprometido al cumplimiento de las disposiciones normativas de aplicaci\u00f3n en materia de protecci\u00f3n de datos, en el momento de su contrataci\u00f3n:<\/p>\n\n\n\n<p>\u2013 Duplika, que proporciona los servicios de alojamiento web (hosting). Se puede consultar la pol\u00edtica de privacidad y dem\u00e1s aspectos legales de dicha compa\u00f1\u00eda en el siguiente enlace: <a href=\"https:\/\/duplika.com\/privacidad\">https:\/\/duplika.com\/privacidad<\/a><\/p>\n\n\n\n<p>&#8211; MailRelay, que proporciona servicios de suscripci\u00f3n y env\u00edo de correos electr\u00f3nicos, as\u00ed como la creaci\u00f3n de campa\u00f1as de mail marketing. <a href=\"https:\/\/mailrelay.com\/en\/privacy-policy\">https:\/\/mailrelay.com\/en\/privacy-policy<\/a><\/p>\n\n\n\n<p>\u2013 Infusion Software, Inc. (Identificado con la marca comercial INFUSIONSOFT), con domicilio en 1260 South Spectrum Boulevard, Chandler, Arizona 85286, que proporciona los servicios de CRM para la gesti\u00f3n de contactos y clientes, as\u00ed como la creaci\u00f3n de campa\u00f1as de mail marketing.<\/p>\n\n\n\n<p>Se puede consultar la pol\u00edtica de privacidad y dem\u00e1s aspectos legales de dicha compa\u00f1\u00eda en los siguientes enlaces: <a href=\"https:\/\/www.infusionsoft.com\/legal\/privacy-policy\" target=\"_blank\" rel=\"noreferrer noopener nofollow\">https:\/\/www.infusionsoft.com\/legal\/privacy-policy<\/a> y <a href=\"https:\/\/www.infusionsoft.com\/legal\/gdpr\" target=\"_blank\" rel=\"noreferrer noopener nofollow\">https:\/\/www.infusionsoft.com\/legal\/gdpr<\/a><\/p>\n\n\n\n<p>Los datos personales facilitados a trav\u00e9s de los formularios del Sitio Web, son tratados para la prestaci\u00f3n de los servicios de MARGARITA LLADA, as\u00ed como para el env\u00edo de comunicaciones comerciales o informativas mediante el uso de la herramienta que dicha compa\u00f1\u00eda facilita, lo que conlleva que los datos introducidos son transferidos a los servidores de la citada compa\u00f1\u00eda, suponiendo una transferencia internacional de datos a los Estados Unidos, que el usuario consiente de manera expresa con la aceptaci\u00f3n de la presente pol\u00edtica de privacidad.<\/p>\n\n\n\n<p>\u2013 Google LLC, con domicilio en 1600 Amphitheatre Parkway, 94043, Mountain View (California), Estados Unidos, que presta los servicios de GSuite, consistentes en servicios de computaci\u00f3n en la nube y de correo electr\u00f3nico.<\/p>\n\n\n\n<p>Se puede consultar la pol\u00edtica de privacidad y dem\u00e1s aspectos legales de dicha compa\u00f1\u00eda en el siguiente enlace:&nbsp;<a href=\"https:\/\/www.google.com\/intl\/es\/policies\/privacy\/\" target=\"_blank\" rel=\"noreferrer noopener nofollow\">https:\/\/www.google.com\/intl\/es\/policies\/privacy\/<\/a><\/p>\n\n\n\n<p>Google participa y ha certificado su cumplimiento con el marco del acuerdo entre EE.UU. y la Uni\u00f3n Europea denominado Privacy Shield, habi\u00e9ndose comprometido a someter toda la informaci\u00f3n personal recibida de pa\u00edses miembros de la Uni\u00f3n Europea a los principios derivados del Privacy Shield.<\/p>\n\n\n\n<p>Puedes obtener m\u00e1s informaci\u00f3n acerca del Privacy Shield en la web del Departamento de Comercio de los EE.UU.:&nbsp;<a href=\"https:\/\/www.privacyshield.gov\/welcome\" target=\"_blank\" rel=\"noreferrer noopener nofollow\">https:\/\/www.privacyshield.gov\/welcome<\/a>&nbsp;&nbsp;&nbsp;<\/p>\n\n\n\n<p>Asimismo, puedes comprobar la adhesi\u00f3n de Google al Privacy Shield en el siguiente enlace:&nbsp;<a href=\"https:\/\/www.privacyshield.gov\/participant?id=a2zt000000001L5AAI&amp;status=Active\" target=\"_blank\" rel=\"noreferrer noopener nofollow\">https:\/\/www.privacyshield.gov\/participant?id=a2zt000000001L5AAI&amp;status=Active<\/a><\/p>\n\n\n\n<p>De manera ocasional, a los usuarios que est\u00e9n suscritos en nuestro bolet\u00edn (newsletter) y tambi\u00e9n est\u00e9n dados de alta en Facebook, les ofreceremos contenido promocional de MARGARITA LLADA a trav\u00e9s de la citada red social.<\/p>\n\n\n\n<h2 class=\"wp-block-heading\">5. Derechos<\/h2>\n\n\n\n<p>Como interesado que nos has proporcionado tus datos personales, tienes pleno derecho a obtener confirmaci\u00f3n sobre si en MARGARITA LLADA estamos tratando tus datos personales, y en concreto est\u00e1s facultado para ejercitar los siguientes derechos que la normativa en materia de protecci\u00f3n de datos te reconoce, conforme a lo previsto en la misma:<\/p>\n\n\n\n<ul class=\"wp-block-list\">\n<li>Derecho de ACCESO a tus datos personales<\/li>\n\n\n\n<li>Derechos de solicitar la RECTIFICACI\u00d3N de los datos inexactos<\/li>\n\n\n\n<li>Derecho de solicitar su SUPRESI\u00d3N cuando, entre otros motivos, los datos ya no sean necesarios para los fines que fueron recogidos.<\/li>\n\n\n\n<li>En determinadas circunstancias, podr\u00e1s solicitar la LIMITACI\u00d3N DEL TRATAMIENTO de tus datos, en cuyo caso \u00fanicamente los conservaremos para el ejercicio o la defensa de reclamaciones.<\/li>\n\n\n\n<li>En determinadas circunstancias y por motivos relacionados con su situaci\u00f3n particular, los interesados podr\u00e1n ejercitar su derecho de OPOSICI\u00d3N al tratamiento de sus datos. Dejaremos de tratar los datos, salvo por motivos leg\u00edtimos imperiosos, o el ejercicio o la defensa de posibles reclamaciones.<\/li>\n\n\n\n<li>En determinadas circunstancias y por motivos relacionados con tu situaci\u00f3n particular, podr\u00e1s solicitar su derecho a la PORTABILIDAD de los datos.<\/li>\n<\/ul>\n\n\n\n<p>Podr\u00e1s ejercer tales derechos dirigiendo una comunicaci\u00f3n a la direcci\u00f3n postal y\/o de correo electr\u00f3nico que se hace constar en el apartado \u201c1. Informaci\u00f3n sobre el responsable del tratamiento de los datos personales.\u201d<\/p>\n\n\n\n<p>Adem\u00e1s, en caso de que se haya vulnerado cualquiera de tus derechos, el interesado tiene derecho a presentar una reclamaci\u00f3n ante la Agencia Espa\u00f1ola de Protecci\u00f3n de Datos (AEPD), en C\/ Jorge Juan, 6, 28001-Madrid o a trav\u00e9s de la sede electr\u00f3nica de la AEPD:&nbsp;<a href=\"https:\/\/sedeagpd.gob.es\/sede-electronica-web\/\" target=\"_blank\" rel=\"noreferrer noopener nofollow\">https:\/\/sedeagpd.gob.es\/sede-electronica-web\/<\/a><\/p>\n<\/div><\/div>\n","protected":false},"excerpt":{"rendered":"<p>1. Informaci\u00f3n sobre el responsable del tratamiento de los datos personales La responsable del tratamiento de los datos recabados a trav\u00e9s de los sitios web: https:\/\/www.concienciosofia.com.ar (en adelante, la \u201cWeb\u201d o el \u201cSitio Web\u201d) es MARGARITA EDITH LLADA, con CUIT. N\u00ba 27-12986437-6, con domicilio en&nbsp;la Ciudad de Buenos Aires, Argentina, e inscrito como Monotributista. En [&hellip;]<\/p>\n","protected":false},"author":5,"featured_media":0,"parent":0,"menu_order":0,"comment_status":"closed","ping_status":"closed","template":"","meta":{"_uag_custom_page_level_css":"","site-sidebar-layout":"default","site-content-layout":"","ast-site-content-layout":"default","site-content-style":"default","site-sidebar-style":"default","ast-global-header-display":"","ast-banner-title-visibility":"","ast-main-header-display":"","ast-hfb-above-header-display":"","ast-hfb-below-header-display":"","ast-hfb-mobile-header-display":"","site-post-title":"disabled","ast-breadcrumbs-content":"","ast-featured-img":"","footer-sml-layout":"","ast-disable-related-posts":"","theme-transparent-header-meta":"","adv-header-id-meta":"","stick-header-meta":"","header-above-stick-meta":"","header-main-stick-meta":"","header-below-stick-meta":"","astra-migrate-meta-layouts":"set","ast-page-background-enabled":"default","ast-page-background-meta":{"desktop":{"background-color":"var(--ast-global-color-4)","background-image":"","background-repeat":"repeat","background-position":"center center","background-size":"auto","background-attachment":"scroll","background-type":"","background-media":"","overlay-type":"","overlay-color":"","overlay-opacity":"","overlay-gradient":""},"tablet":{"background-color":"","background-image":"","background-repeat":"repeat","background-position":"center center","background-size":"auto","background-attachment":"scroll","background-type":"","background-media":"","overlay-type":"","overlay-color":"","overlay-opacity":"","overlay-gradient":""},"mobile":{"background-color":"","background-image":"","background-repeat":"repeat","background-position":"center center","background-size":"auto","background-attachment":"scroll","background-type":"","background-media":"","overlay-type":"","overlay-color":"","overlay-opacity":"","overlay-gradient":""}},"ast-content-background-meta":{"desktop":{"background-color":"var(--ast-global-color-5)","background-image":"","background-repeat":"repeat","background-position":"center center","background-size":"auto","background-attachment":"scroll","background-type":"","background-media":"","overlay-type":"","overlay-color":"","overlay-opacity":"","overlay-gradient":""},"tablet":{"background-color":"var(--ast-global-color-5)","background-image":"","background-repeat":"repeat","background-position":"center center","background-size":"auto","background-attachment":"scroll","background-type":"","background-media":"","overlay-type":"","overlay-color":"","overlay-opacity":"","overlay-gradient":""},"mobile":{"background-color":"var(--ast-global-color-5)","background-image":"","background-repeat":"repeat","background-position":"center center","background-size":"auto","background-attachment":"scroll","background-type":"","background-media":"","overlay-type":"","overlay-color":"","overlay-opacity":"","overlay-gradient":""}},"footnotes":""},"class_list":["post-708","page","type-page","status-publish","hentry"],"uagb_featured_image_src":{"full":false,"thumbnail":false,"medium":false,"medium_large":false,"large":false,"1536x1536":false,"2048x2048":false},"uagb_author_info":{"display_name":"Admin","author_link":"https:\/\/juanllamosas.com\/demo2\/author\/sadmin\/"},"uagb_comment_info":0,"uagb_excerpt":"1. Informaci\u00f3n sobre el responsable del tratamiento de los datos personales La responsable del tratamiento de los datos recabados a trav\u00e9s de los sitios web: https:\/\/www.concienciosofia.com.ar (en adelante, la \u201cWeb\u201d o el \u201cSitio Web\u201d) es MARGARITA EDITH LLADA, con CUIT. N\u00ba 27-12986437-6, con domicilio en&nbsp;la Ciudad de Buenos Aires, Argentina, e inscrito como Monotributista. En&hellip;","_links":{"self":[{"href":"https:\/\/juanllamosas.com\/demo2\/wp-json\/wp\/v2\/pages\/708","targetHints":{"allow":["GET"]}}],"collection":[{"href":"https:\/\/juanllamosas.com\/demo2\/wp-json\/wp\/v2\/pages"}],"about":[{"href":"https:\/\/juanllamosas.com\/demo2\/wp-json\/wp\/v2\/types\/page"}],"author":[{"embeddable":true,"href":"https:\/\/juanllamosas.com\/demo2\/wp-json\/wp\/v2\/users\/5"}],"replies":[{"embeddable":true,"href":"https:\/\/juanllamosas.com\/demo2\/wp-json\/wp\/v2\/comments?post=708"}],"version-history":[{"count":16,"href":"https:\/\/juanllamosas.com\/demo2\/wp-json\/wp\/v2\/pages\/708\/revisions"}],"predecessor-version":[{"id":2799,"href":"https:\/\/juanllamosas.com\/demo2\/wp-json\/wp\/v2\/pages\/708\/revisions\/2799"}],"wp:attachment":[{"href":"https:\/\/juanllamosas.com\/demo2\/wp-json\/wp\/v2\/media?parent=708"}],"curies":[{"name":"wp","href":"https:\/\/api.w.org\/{rel}","templated":true}]}}