{"id":718,"date":"2023-08-19T10:10:31","date_gmt":"2023-08-19T08:10:31","guid":{"rendered":"https:\/\/juanllamosas.com\/demo2\/?page_id=718"},"modified":"2025-07-29T17:53:35","modified_gmt":"2025-07-29T20:53:35","slug":"politica-cookies","status":"publish","type":"page","link":"https:\/\/juanllamosas.com\/demo2\/politica-cookies\/","title":{"rendered":"Legales: Pol\u00edtica de cookies"},"content":{"rendered":"\n<div class=\"wp-block-uagb-container uagb-block-2861693e alignfull uagb-is-root-container\"><div class=\"uagb-container-inner-blocks-wrap\">\n<div class=\"wp-block-uagb-info-box uagb-block-1e8d9acf uagb-infobox__content-wrap  uagb-infobox-icon-above-title uagb-infobox-image-valign-top\"><div class=\"uagb-ifb-content\"><div class=\"uagb-ifb-title-wrap\"><h1 class=\"uagb-ifb-title\">Pol\u00edtica de cookies<\/h1><\/div><\/div><\/div>\n<\/div><\/div>\n\n\n\n<div class=\"wp-block-uagb-container uagb-block-565c829f alignfull uagb-is-root-container\"><div class=\"uagb-container-inner-blocks-wrap\">\n<h2 class=\"wp-block-heading\">1. Informaci\u00f3n general<\/h2>\n\n\n\n<h3 class=\"wp-block-heading\">1.1. Datos del titular del sitio web:<\/h3>\n\n\n\n<p>La titular del sitios web:<\/p>\n\n\n\n<p><a href=\"https:\/\/www.concienciosofia.com.ar\">https:\/\/www.concienciosofia.com.ar<\/a><\/p>\n\n\n\n<p>as\u00ed como de todos los subdominios y directorios incluidos en las mismas (en adelante, conjuntamente denominados como la \u201cWeb\u201d o el \u201cSitio Web\u201d) es MARGARITA EDITH LLADA, con CUIT. N\u00ba 27-12986437-6, con domicilio en la Ciudad de Buenos Aires, Argentina, e inscrito como Monotributista en el r\u00e9gimen de ARCA. En adelante, MARGARITA LLADA. Puedes ponerte en contacto con MARGARITA LLADA para cualquier aspecto relacionado con esta pol\u00edtica de cookies en la direcci\u00f3n de email: contacto@concienciosofia.com.ar<\/p>\n\n\n\n<h3 class=\"wp-block-heading\">1.2. \u00bfQu\u00e9 son las cookies?:<\/h3>\n\n\n\n<p>Una cookie es un dispositivo que el servidor de los Sitios Web de MARGARITA LLADA env\u00eda al navegador del terminal (ordenador,&nbsp;<em>smartphone, tablet,<\/em>&nbsp;etc.) desde el que te conectas, con la finalidad de almacenar informaci\u00f3n sobre la navegaci\u00f3n que se efect\u00faa desde dicho equipo, que podr\u00e1, en su caso, ser recuperada con posterioridad.<\/p>\n\n\n\n<p>En este link se puede acceder a la gu\u00eda de cookies editada por la Agencia Espa\u00f1ola de Protecci\u00f3n de Datos.<\/p>\n\n\n\n<p><a href=\"http:\/\/www.agpd.es\/portalwebAGPD\/canaldocumentacion\/publicaciones\/common\/Guias\/Guia_Cookies.pdf\" target=\"_blank\" rel=\"noreferrer noopener nofollow\">http:\/\/www.agpd.es\/portalwebAGPD\/canaldocumentacion\/publicaciones\/common\/Guias\/Guia_Cookies.pdf<\/a><\/p>\n\n\n\n<h2 class=\"wp-block-heading\">2. \u00bfQu\u00e9 cookies utilizamos?<\/h2>\n\n\n\n<h3 class=\"wp-block-heading\">A) Cookies propias (enviadas al navegador del usuario desde el sitio web):<\/h3>\n\n\n\n<p><strong>Cookies de sesi\u00f3n:&nbsp;<\/strong>Necesarias para el correcto uso de la p\u00e1gina web, la navegaci\u00f3n de forma ininterrumpida recordando opciones de idioma o pa\u00eds. Se utilizan para identificar la misma sesi\u00f3n temporal de un usuario o sesi\u00f3n de navegaci\u00f3n, midiendo as\u00ed, por ejemplo, la frecuencia.<\/p>\n\n\n\n<p><strong>Cookies T\u00e9cnicas:&nbsp;<\/strong>Almacenan informaci\u00f3n gen\u00e9rica y an\u00f3nima que no incluye datos de car\u00e1cter personal cuyo objetivo es garantizar el funcionamiento de la web.<\/p>\n\n\n\n<p><strong>De registro:&nbsp;<\/strong>Se crean con el registro de un usuario (log-in). Se utilizan para identificar al usuario una vez se ha autenticado dentro de los Sitios Web.<\/p>\n\n\n\n<h3 class=\"wp-block-heading\">B) Cookies de terceros (aqu\u00e9llas que se env\u00edan al equipo terminal del usuario desde un equipo o dominio que no es gestionado por nosotros):<\/h3>\n\n\n\n<p><strong>b.1. Cookies anal\u00edticas:&nbsp;<\/strong>Son aqu\u00e9llas que permiten al responsable de las mismas, el seguimiento y an\u00e1lisis del comportamiento de los usuarios de los sitios web a los que est\u00e1n vinculadas. La informaci\u00f3n recogida mediante este tipo de cookies se utiliza en la medici\u00f3n de la actividad del Sitio Web y para la elaboraci\u00f3n de perfiles de navegaci\u00f3n anonimizados de los usuarios, con el fin de introducir mejoras en funci\u00f3n del an\u00e1lisis de los datos de uso que hacen los usuarios del servicio:<\/p>\n\n\n\n<p><strong>De Google Analitycs:<\/strong>&nbsp;M\u00e1s informaci\u00f3n:&nbsp;<a href=\"https:\/\/www.google.com\/policies\/privacy\/\" target=\"_blank\" rel=\"noreferrer noopener nofollow\">https:\/\/www.google.com\/policies\/privacy\/<\/a><\/p>\n\n\n\n<p><strong>De WordPress Stats:&nbsp;<\/strong>M\u00e1s Informaci\u00f3n:<a href=\"https:\/\/en.support.wordpress.com\/stats\/\" target=\"_blank\" rel=\"noreferrer noopener nofollow\">https:\/\/en.support.wordpress.com\/stats\/<\/a>&nbsp;&nbsp;y&nbsp;<a href=\"https:\/\/automattic.com\/privacy\/\" target=\"_blank\" rel=\"noreferrer noopener nofollow\">https:\/\/automattic.com\/privacy\/<\/a><\/p>\n\n\n\n<p><strong>De Wingify: Visual Website Optimizer:&nbsp;<\/strong>Herramienta para la realizaci\u00f3n de tests A\/B para modificar, optimizar o personalizar el Sitio Web en funci\u00f3n del comportamiento de diferentes usuarios ante los diferentes formatos que se presentan.<\/p>\n\n\n\n<p>M\u00e1s informaci\u00f3n:&nbsp;<a href=\"https:\/\/vwo.com\/privacy-policy\/\" target=\"_blank\" rel=\"noreferrer noopener nofollow\">https:\/\/vwo.com\/privacy-policy\/<\/a><\/p>\n\n\n\n<p><strong>b.2. Cookies publicitarias:&nbsp;<\/strong>Son aqu\u00e9llas que permiten la gesti\u00f3n, de la forma m\u00e1s eficaz posible, de los espacios publicitarios que, en su caso, el editor haya incluido en el Sitio Web desde la que presta el servicio solicitado en base a criterios como el contenido editado o la frecuencia en la que se muestran los anuncios:<\/p>\n\n\n\n<p><strong>De DoubleClick by Google:&nbsp;<\/strong>Cookies Publicitarias de Google que se usan para el estudio de la audiencia, obteniendo informaci\u00f3n sobre su navegaci\u00f3n, recopilando datos de manera an\u00f3nima que permiten ofrecer publicidad basada en la navegaci\u00f3n realizada.<\/p>\n\n\n\n<p>En el siguiente enlace se puede encontrar m\u00e1s informaci\u00f3n sobre el uso que Google realiza de las cookies de DoubleClick: <a href=\"https:\/\/support.google.com\/adsense\/answer\/2839090?hl=es\" target=\"_blank\" rel=\"noreferrer noopener nofollow\">https:\/\/support.google.com\/adsense\/answer\/2839090?hl=es<\/a><\/p>\n\n\n\n<p><strong>b.3. Cookies de publicidad comportamental:&nbsp;<\/strong>Son aqu\u00e9llas que permiten la gesti\u00f3n, de la forma m\u00e1s eficaz posible, de los espacios publicitarios que, en su caso, el editor haya incluido el Sitio Web desde la que presta el servicio solicitado. Estas cookies almacenan informaci\u00f3n del comportamiento de los usuarios obtenida a trav\u00e9s de la observaci\u00f3n continuada de sus h\u00e1bitos de navegaci\u00f3n, lo que permite desarrollar un perfil espec\u00edfico para mostrar publicidad en funci\u00f3n del mismo:<\/p>\n\n\n\n<p><strong>De Infusionsoft.&nbsp;<\/strong>M\u00e1s informaci\u00f3n:&nbsp;<a href=\"http:\/\/www.infusionsoft.com\/legal\/privacy-policy\" target=\"_blank\" rel=\"noreferrer noopener nofollow\">http:\/\/www.infusionsoft.com\/legal\/privacy-policy<\/a><\/p>\n\n\n\n<p><strong>De Facebook Custom Audience y P\u00edxel de Facebook:&nbsp;<\/strong>Sirven para dirigir anuncios al usuario sobre los productos o servicios que el usuario ha visitado, comprado y\/o utilizado en una p\u00e1gina espec\u00edfica de la Web. Asimismo, permiten limitar el n\u00famero de veces que se muestra un anuncio, de tal modo que el usuario no vea el mismo anuncio una y otra vez. Tambi\u00e9n se utilizan dichas cookies para medir el rendimiento de las campa\u00f1as publicitarias de negocios que utilizan los servicios de Facebook.<\/p>\n\n\n\n<p>M\u00e1s informaci\u00f3n:&nbsp;<a href=\"https:\/\/www.facebook.com\/privacy\/explanation\" target=\"_blank\" rel=\"noreferrer noopener nofollow\">https:\/\/www.facebook.com\/privacy\/explanation<\/a><\/p>\n\n\n\n<p><strong>b.4. Cookies de redes sociales:<\/strong><\/p>\n\n\n\n<p><strong>De Gravatar:&nbsp;<\/strong>El Gravatar es una imagen del usuario que le sigue de sitio web a sitio web, apareciendo junto a su nombre cuando realiza acciones como comentar en un blog o cuando el usuario inicia sesi\u00f3n como usuario registrado (log in) en el Sitio Web. Se almacenan cookies para gestionar los iconos relacionados con los perfiles y usuarios de ese servicio. M\u00e1s informaci\u00f3n:&nbsp;<a href=\"https:\/\/automattic.com\/privacy\/\" target=\"_blank\" rel=\"noreferrer noopener nofollow\">https:\/\/automattic.com\/privacy\/<\/a><\/p>\n\n\n\n<p><strong>Cookies de redes sociales externas:<\/strong>&nbsp;que se utilizan para que los visitantes puedan interactuar con el contenido de diferentes plataformas sociales (Facebook, YouTube, Twitter, LinkedIn, Instagram, Threads etc.) y que se generan \u00fanicamente para los usuarios de dichas redes sociales. Las condiciones de utilizaci\u00f3n de estas cookies y la informaci\u00f3n recopilada se regulan por la pol\u00edtica de privacidad de la plataforma social correspondiente.<\/p>\n\n\n\n<p>M\u00e1s informaci\u00f3n:<\/p>\n\n\n\n<p><a href=\"https:\/\/www.facebook.com\/help\/cookies\/\" target=\"_blank\" rel=\"noreferrer noopener nofollow\">https:\/\/www.facebook.com\/help\/cookies\/<\/a><\/p>\n\n\n\n<p><a href=\"https:\/\/www.google.com\/intl\/es_es\/policies\/technologies\/types\/\" target=\"_blank\" rel=\"noreferrer noopener nofollow\">https:\/\/www.google.com\/intl\/es_es\/policies\/technologies\/types\/<\/a><\/p>\n\n\n\n<p><a href=\"https:\/\/support.twitter.com\/articles\/20170521-el-uso-que-hace-twitter-de-cookies-y-tecnologias-similares#\" target=\"_blank\" rel=\"noreferrer noopener nofollow\">https:\/\/support.twitter.com\/articles\/20170521-el-uso-que-hace-twitter-de-cookies-y-tecnologias-similares#<\/a><\/p>\n\n\n\n<p><a href=\"https:\/\/www.instagram.com\/legal\/cookies\/\" target=\"_blank\" rel=\"noreferrer noopener nofollow\">https:\/\/www.instagram.com\/legal\/cookies\/<\/a><\/p>\n\n\n\n<p><a href=\"https:\/\/about.pinterest.com\/es\/cookies-pinterest\" target=\"_blank\" rel=\"noreferrer noopener nofollow\">https:\/\/about.pinterest.com\/es\/cookies-pinterest<\/a><\/p>\n\n\n\n<h2 class=\"wp-block-heading\">3. Informaci\u00f3n sobre c\u00f3mo bloquear las cookies, como desactivarlas y\/o bloquearlas<\/h2>\n\n\n\n<p>El usuario podr\u00e1 -en cualquier momento- gestionar el uso de cookies a trav\u00e9s del navegador instalado en su terminal. En los enlaces siguientes puede encontrarse informaci\u00f3n sobre qu\u00e9 cookies tiene el usuario instaladas en su navegador, permitir su instalaci\u00f3n, bloquearlas o eliminarlas de su equipo:<\/p>\n\n\n\n<p>Chrome, desde:<br><a href=\"http:\/\/support.google.com\/chrome\/bin\/answer.py?hl=es&amp;answer=95647\" target=\"_blank\" rel=\"noreferrer noopener nofollow\">http:\/\/support.google.com\/chrome\/bin\/answer.py?hl=es&amp;answer=95647<\/a>&nbsp;&nbsp;&nbsp;<\/p>\n\n\n\n<p>Explorer, desde:<br><a href=\"https:\/\/support.microsoft.com\/es-es\/help\/17442\/windows-internet-explorer-delete-manage-cookies\" target=\"_blank\" rel=\"noreferrer noopener nofollow\">https:\/\/support.microsoft.com\/es-es\/help\/17442\/windows-internet-explorer-delete-manage-cookies<\/a>&nbsp;&nbsp;&nbsp;&nbsp;<\/p>\n\n\n\n<p>Firefox, desde:<br><a href=\"http:\/\/support.mozilla.org\/es\/kb\/habilitar-y-deshabilitar-cookies-que-los-sitios-we\" target=\"_blank\" rel=\"noreferrer noopener nofollow\">http:\/\/support.mozilla.org\/es\/kb\/habilitar-y-deshabilitar-cookies-que-los-sitios-we<\/a>&nbsp;&nbsp;<\/p>\n\n\n\n<p>Safari, desde:<br><a href=\"https:\/\/support.apple.com\/kb\/PH19214?viewlocale=es_ES&amp;locale=es_ES\" target=\"_blank\" rel=\"noreferrer noopener nofollow\">https:\/\/support.apple.com\/kb\/PH19214?viewlocale=es_ES&amp;locale=es_ES<\/a><\/p>\n\n\n\n<p>Opera, desde:<br><a href=\"http:\/\/help.opera.com\/Windows\/11.50\/es-ES\/cookies.html\" target=\"_blank\" rel=\"noreferrer noopener nofollow\">http:\/\/help.opera.com\/Windows\/11.50\/es-ES\/cookies.html<\/a><\/p>\n\n\n\n<p>Brave, desde:<br><a href=\"https:\/\/brave.com\/terms-of-use\" target=\"_blank\" rel=\"noreferrer noopener nofollow\">https:\/\/brave.com\/terms-of-use<\/a><\/p>\n\n\n\n<p>Existen herramientas de terceros, disponibles on line, que permiten a los usuarios detectar las cookies en cada sitio web que visita y gestionar su desactivaci\u00f3n.<\/p>\n\n\n\n<p>Los navegadores web son las herramientas encargadas de almacenar las cookies y desde este lugar el usuario puede ejercitar su derecho a eliminaci\u00f3n o desactivaci\u00f3n de las mismas. Ni esta web ni sus representantes legales pueden garantizar la correcta o incorrecta manipulaci\u00f3n de las cookies por parte de los mencionados navegadores.<\/p>\n\n\n\n<p>En algunos casos es necesario instalar cookies para que el navegador no olvide la decisi\u00f3n del usuario de no aceptaci\u00f3n de las mismas.<\/p>\n\n\n\n<p>La aceptaci\u00f3n de la presente pol\u00edtica de cookies implica que el usuario ha sido informado de una forma clara y completa sobre el uso de dispositivos de almacenamiento y recuperaci\u00f3n de datos (cookies) as\u00ed como que MARGARITA LLADA dispone del consentimiento del usuario para el uso de las mismas tal y como establece el art\u00edculo 22 de la Ley 34\/2002, de 11 de julio, de Servicios de la Sociedad de la Informaci\u00f3n y Comercio Electr\u00f3nico (LSSI-CE).<\/p>\n<\/div><\/div>\n","protected":false},"excerpt":{"rendered":"<p>1. Informaci\u00f3n general 1.1. Datos del titular del sitio web: La titular del sitios web: https:\/\/www.concienciosofia.com.ar as\u00ed como de todos los subdominios y directorios incluidos en las mismas (en adelante, conjuntamente denominados como la \u201cWeb\u201d o el \u201cSitio Web\u201d) es MARGARITA EDITH LLADA, con CUIT. N\u00ba 27-12986437-6, con domicilio en la Ciudad de Buenos Aires, [&hellip;]<\/p>\n","protected":false},"author":5,"featured_media":0,"parent":0,"menu_order":0,"comment_status":"closed","ping_status":"closed","template":"","meta":{"_uag_custom_page_level_css":"","site-sidebar-layout":"default","site-content-layout":"","ast-site-content-layout":"default","site-content-style":"default","site-sidebar-style":"default","ast-global-header-display":"","ast-banner-title-visibility":"","ast-main-header-display":"","ast-hfb-above-header-display":"","ast-hfb-below-header-display":"","ast-hfb-mobile-header-display":"","site-post-title":"disabled","ast-breadcrumbs-content":"","ast-featured-img":"","footer-sml-layout":"","ast-disable-related-posts":"","theme-transparent-header-meta":"","adv-header-id-meta":"","stick-header-meta":"","header-above-stick-meta":"","header-main-stick-meta":"","header-below-stick-meta":"","astra-migrate-meta-layouts":"set","ast-page-background-enabled":"default","ast-page-background-meta":{"desktop":{"background-color":"var(--ast-global-color-4)","background-image":"","background-repeat":"repeat","background-position":"center center","background-size":"auto","background-attachment":"scroll","background-type":"","background-media":"","overlay-type":"","overlay-color":"","overlay-opacity":"","overlay-gradient":""},"tablet":{"background-color":"","background-image":"","background-repeat":"repeat","background-position":"center center","background-size":"auto","background-attachment":"scroll","background-type":"","background-media":"","overlay-type":"","overlay-color":"","overlay-opacity":"","overlay-gradient":""},"mobile":{"background-color":"","background-image":"","background-repeat":"repeat","background-position":"center center","background-size":"auto","background-attachment":"scroll","background-type":"","background-media":"","overlay-type":"","overlay-color":"","overlay-opacity":"","overlay-gradient":""}},"ast-content-background-meta":{"desktop":{"background-color":"var(--ast-global-color-5)","background-image":"","background-repeat":"repeat","background-position":"center center","background-size":"auto","background-attachment":"scroll","background-type":"","background-media":"","overlay-type":"","overlay-color":"","overlay-opacity":"","overlay-gradient":""},"tablet":{"background-color":"var(--ast-global-color-5)","background-image":"","background-repeat":"repeat","background-position":"center center","background-size":"auto","background-attachment":"scroll","background-type":"","background-media":"","overlay-type":"","overlay-color":"","overlay-opacity":"","overlay-gradient":""},"mobile":{"background-color":"var(--ast-global-color-5)","background-image":"","background-repeat":"repeat","background-position":"center center","background-size":"auto","background-attachment":"scroll","background-type":"","background-media":"","overlay-type":"","overlay-color":"","overlay-opacity":"","overlay-gradient":""}},"footnotes":""},"class_list":["post-718","page","type-page","status-publish","hentry"],"uagb_featured_image_src":{"full":false,"thumbnail":false,"medium":false,"medium_large":false,"large":false,"1536x1536":false,"2048x2048":false},"uagb_author_info":{"display_name":"Admin","author_link":"https:\/\/juanllamosas.com\/demo2\/author\/sadmin\/"},"uagb_comment_info":0,"uagb_excerpt":"1. Informaci\u00f3n general 1.1. Datos del titular del sitio web: La titular del sitios web: https:\/\/www.concienciosofia.com.ar as\u00ed como de todos los subdominios y directorios incluidos en las mismas (en adelante, conjuntamente denominados como la \u201cWeb\u201d o el \u201cSitio Web\u201d) es MARGARITA EDITH LLADA, con CUIT. N\u00ba 27-12986437-6, con domicilio en la Ciudad de Buenos Aires,&hellip;","_links":{"self":[{"href":"https:\/\/juanllamosas.com\/demo2\/wp-json\/wp\/v2\/pages\/718","targetHints":{"allow":["GET"]}}],"collection":[{"href":"https:\/\/juanllamosas.com\/demo2\/wp-json\/wp\/v2\/pages"}],"about":[{"href":"https:\/\/juanllamosas.com\/demo2\/wp-json\/wp\/v2\/types\/page"}],"author":[{"embeddable":true,"href":"https:\/\/juanllamosas.com\/demo2\/wp-json\/wp\/v2\/users\/5"}],"replies":[{"embeddable":true,"href":"https:\/\/juanllamosas.com\/demo2\/wp-json\/wp\/v2\/comments?post=718"}],"version-history":[{"count":14,"href":"https:\/\/juanllamosas.com\/demo2\/wp-json\/wp\/v2\/pages\/718\/revisions"}],"predecessor-version":[{"id":2800,"href":"https:\/\/juanllamosas.com\/demo2\/wp-json\/wp\/v2\/pages\/718\/revisions\/2800"}],"wp:attachment":[{"href":"https:\/\/juanllamosas.com\/demo2\/wp-json\/wp\/v2\/media?parent=718"}],"curies":[{"name":"wp","href":"https:\/\/api.w.org\/{rel}","templated":true}]}}