{"id":2044,"date":"2026-02-10T16:52:09","date_gmt":"2026-02-10T19:52:09","guid":{"rendered":"https:\/\/juanllamosas.com\/demo4\/?page_id=2044"},"modified":"2026-02-11T16:56:42","modified_gmt":"2026-02-11T19:56:42","slug":"inicio","status":"publish","type":"page","link":"https:\/\/juanllamosas.com\/demo4\/inicio\/","title":{"rendered":"Inicio"},"content":{"rendered":"\n<div class=\"wp-block-uagb-container uagb-block-a0445bea alignfull uagb-is-root-container\"><div class=\"uagb-container-inner-blocks-wrap\">\n<div class=\"wp-block-uagb-container uagb-block-dfacb43b\">\n<div class=\"wp-block-uagb-image uagb-block-a7da7c77 wp-block-uagb-image--layout-default wp-block-uagb-image--effect-static wp-block-uagb-image--align-none\"><figure class=\"wp-block-uagb-image__figure\"><img decoding=\"async\" srcset=\"https:\/\/juanllamosas.com\/demo4\/wp-content\/uploads\/2026\/02\/home.jpg ,https:\/\/juanllamosas.com\/demo4\/wp-content\/uploads\/2026\/02\/home.jpg 780w, https:\/\/juanllamosas.com\/demo4\/wp-content\/uploads\/2026\/02\/home.jpg 360w\" sizes=\"auto, (max-width: 480px) 150px\" src=\"https:\/\/juanllamosas.com\/demo4\/wp-content\/uploads\/2026\/02\/home.jpg\" alt=\"\" class=\"uag-image-2079\" width=\"515\" height=\"515\" title=\"home\" loading=\"lazy\" role=\"img\"\/><\/figure><\/div>\n<\/div>\n\n\n\n<div class=\"wp-block-uagb-container uagb-block-61a14ce8\">\n<div class=\"wp-block-uagb-info-box uagb-block-aff4e384 uagb-infobox__content-wrap  uagb-infobox-icon-above-title uagb-infobox-image-valign-top\"><div class=\"uagb-ifb-content\"><div class=\"uagb-ifb-title-wrap\"><h1 class=\"uagb-ifb-title\">M\u00c9TODO COMPARTO<\/h1><\/div><div class=\"uagb-ifb-separator\"><\/div><p class=\"uagb-ifb-desc\">Un sistema de preparaci\u00f3n para el parto y de acompa\u00f1amiento postparto, que re\u00fane profesionales de excelencia en diferentes disciplinas con el objetivo de contener, fortalecer la confianza y disipar los posibles miedos; propiciando un ambiente alegre y con sentido de comunidad para todas las familias.<\/p><\/div><\/div>\n<\/div>\n<\/div><\/div>\n\n\n\n<div class=\"wp-block-uagb-container uagb-block-537b4620 alignfull uagb-is-root-container\"><div class=\"uagb-container-inner-blocks-wrap\">\n<div class=\"wp-block-uagb-info-box uagb-block-78eaaf7b uagb-infobox__content-wrap  uagb-infobox-icon-above-title uagb-infobox-image-valign-top\"><div class=\"uagb-ifb-content\"><div class=\"uagb-ifb-title-wrap\"><h2 class=\"uagb-ifb-title\">Nuestro sistema est\u00e1 basado en el concepto de&nbsp;<strong>salud primal<\/strong><\/h2><\/div><div class=\"uagb-ifb-separator\"><\/div><p class=\"uagb-ifb-desc\">Refiere al estado de salud de un individuo durante los nueve meses dentro del \u00fatero materno, el nacimiento y el primer a\u00f1o de vida. La evidencia cient\u00edfica afirma que esta es la&nbsp;<strong>etapa m\u00e1s vulnerable y con mayor impacto en nuestra salud f\u00edsica y emocional a futuro.<\/strong><\/p><\/div><\/div>\n<\/div><\/div>\n\n\n\n<div class=\"wp-block-uagb-container uagb-block-f02b68fd alignfull uagb-is-root-container\"><div class=\"uagb-container-inner-blocks-wrap\">\n<div class=\"wp-block-uagb-info-box uagb-block-6b9ba713 uagb-infobox__content-wrap  uagb-infobox-icon-above-title uagb-infobox-image-valign-top wp-block-uagb-info-box--has-margin\"><div class=\"uagb-infobox-margin-wrapper\"><div class=\"uagb-ifb-content\"><div class=\"uagb-ifb-title-wrap\"><h3 class=\"uagb-ifb-title\">Conoc\u00e9 los cursos destacados<\/h3><\/div><div class=\"uagb-ifb-separator\"><\/div><\/div><\/div><\/div>\n\n\n\n<div class=\"wp-block-uagb-container uagb-block-1597b0f7 alignfull uagb-is-root-container\"><div class=\"uagb-container-inner-blocks-wrap\">\n<div class=\"wp-block-uagb-container uagb-block-e4055397\">\n<div class=\"wp-block-uagb-info-box uagb-block-a21e052b uagb-infobox__content-wrap  uagb-infobox-icon-above-title uagb-infobox-image-valign-top\"><div class=\"uagb-ifb-content\"><div class=\"uagb-ifb-image-content\"><img decoding=\"async\" src=\"https:\/\/juanllamosas.com\/demo4\/wp-content\/uploads\/2026\/02\/preparacion-parto.jpg\" alt=\"\" width=\"\" height=\"0\" loading=\"lazy\"\/><\/div><div class=\"uagb-ifb-title-wrap\"><h1 class=\"uagb-ifb-title\">Preparaci\u00f3n para el parto<\/h1><\/div><p class=\"uagb-ifb-desc\">Atravesar uno de los momentos m\u00e1s importantes de tu vida sin estr\u00e9s es un regalo para vos y tu beb\u00e9.&nbsp;<\/p><div class=\"uagb-ifb-button-wrapper wp-block-button\"><a href=\"#\" class=\"uagb-infobox-cta-link wp-block-button__link\" target=\"_self\" rel=\"noopener noreferrer\" onclick=\"return false;\"><span class=\"uagb-inline-editing\">Ver curso<\/span><svg xmlns=\"https:\/\/www.w3.org\/2000\/svg\" viewBox=\"0 0 320 512\"><path d=\"M96 480c-8.188 0-16.38-3.125-22.62-9.375c-12.5-12.5-12.5-32.75 0-45.25L242.8 256L73.38 86.63c-12.5-12.5-12.5-32.75 0-45.25s32.75-12.5 45.25 0l192 192c12.5 12.5 12.5 32.75 0 45.25l-192 192C112.4 476.9 104.2 480 96 480z\"><\/path><\/svg><\/a><\/div><\/div><\/div>\n<\/div>\n\n\n\n<div class=\"wp-block-uagb-container uagb-block-800192da\">\n<div class=\"wp-block-uagb-info-box uagb-block-026aead2 uagb-infobox__content-wrap  uagb-infobox-icon-above-title uagb-infobox-image-valign-top\"><div class=\"uagb-ifb-content\"><div class=\"uagb-ifb-image-content\"><img decoding=\"async\" src=\"https:\/\/juanllamosas.com\/demo4\/wp-content\/uploads\/2026\/02\/busqueda-embarazo.jpg\" alt=\"\" width=\"\" height=\"0\" loading=\"lazy\"\/><\/div><div class=\"uagb-ifb-title-wrap\"><h1 class=\"uagb-ifb-title\">B\u00fasqueda del Embarazo<\/h1><\/div><p class=\"uagb-ifb-desc\">Una gu\u00eda integral sobre fertilidad y la preparaci\u00f3n del cuerpo para un  embarazo informado y consciente.<\/p><div class=\"uagb-ifb-button-wrapper wp-block-button\"><a href=\"#\" class=\"uagb-infobox-cta-link wp-block-button__link\" target=\"_self\" rel=\"noopener noreferrer\" onclick=\"return false;\"><span class=\"uagb-inline-editing\">Ver curso<\/span><svg xmlns=\"https:\/\/www.w3.org\/2000\/svg\" viewBox=\"0 0 320 512\"><path d=\"M96 480c-8.188 0-16.38-3.125-22.62-9.375c-12.5-12.5-12.5-32.75 0-45.25L242.8 256L73.38 86.63c-12.5-12.5-12.5-32.75 0-45.25s32.75-12.5 45.25 0l192 192c12.5 12.5 12.5 32.75 0 45.25l-192 192C112.4 476.9 104.2 480 96 480z\"><\/path><\/svg><\/a><\/div><\/div><\/div>\n<\/div>\n<\/div><\/div>\n\n\n\n<div class=\"wp-block-uagb-info-box uagb-block-894e74ff uagb-infobox__content-wrap  uagb-infobox-icon-above-title uagb-infobox-image-valign-top\"><div class=\"uagb-ifb-content\"><div class=\"uagb-ifb-title-wrap\"><\/div><div class=\"uagb-ifb-button-wrapper wp-block-button\"><a href=\"\/cursos\" class=\"uagb-infobox-cta-link ast-outline-button\" target=\"_self\" rel=\"noopener noreferrer\" style=\"border-width:revert-layer\" onclick=\"return true;\"><span class=\"uagb-inline-editing\">Ver todos los curso<\/span><svg xmlns=\"https:\/\/www.w3.org\/2000\/svg\" viewBox=\"0 0 320 512\"><path d=\"M96 480c-8.188 0-16.38-3.125-22.62-9.375c-12.5-12.5-12.5-32.75 0-45.25L242.8 256L73.38 86.63c-12.5-12.5-12.5-32.75 0-45.25s32.75-12.5 45.25 0l192 192c12.5 12.5 12.5 32.75 0 45.25l-192 192C112.4 476.9 104.2 480 96 480z\"><\/path><\/svg><\/a><\/div><\/div><\/div>\n<\/div><\/div>\n\n\n\n<div class=\"wp-block-uagb-container uagb-block-92e6ebbb alignfull uagb-is-root-container\"><div class=\"uagb-container-inner-blocks-wrap\">\n<div class=\"wp-block-uagb-container uagb-block-8ed49532\">\n<div class=\"wp-block-uagb-image uagb-block-b9915779 wp-block-uagb-image--layout-default wp-block-uagb-image--effect-static wp-block-uagb-image--align-none\"><figure class=\"wp-block-uagb-image__figure\"><img decoding=\"async\" srcset=\"https:\/\/juanllamosas.com\/demo4\/wp-content\/uploads\/2026\/02\/cursos-presenciales.jpg ,https:\/\/juanllamosas.com\/demo4\/wp-content\/uploads\/2026\/02\/cursos-presenciales.jpg 780w, https:\/\/juanllamosas.com\/demo4\/wp-content\/uploads\/2026\/02\/cursos-presenciales.jpg 360w\" sizes=\"auto, (max-width: 480px) 150px\" src=\"https:\/\/juanllamosas.com\/demo4\/wp-content\/uploads\/2026\/02\/cursos-presenciales.jpg\" alt=\"\" class=\"uag-image-2118\" width=\"422\" height=\"422\" title=\"cursos-presenciales\" loading=\"lazy\" role=\"img\"\/><\/figure><\/div>\n<\/div>\n\n\n\n<div class=\"wp-block-uagb-container uagb-block-4bb6f940\">\n<div class=\"wp-block-uagb-info-box uagb-block-30f4bd40 uagb-infobox__content-wrap  uagb-infobox-icon-above-title uagb-infobox-image-valign-top\"><div class=\"uagb-ifb-content\"><div class=\"uagb-ifb-title-wrap\"><h3 class=\"uagb-ifb-title\">Cursos presenciales<\/h3><\/div><div class=\"uagb-ifb-separator\"><\/div><p class=\"uagb-ifb-desc\">Tres talleres complementarios para hacer de manera individual o en pareja, y as\u00ed poder llegar preparada de la mejor manera a tu parto.<\/p><div class=\"uagb-ifb-button-wrapper wp-block-button\"><a href=\"#\" class=\"uagb-infobox-cta-link wp-block-button__link\" target=\"_self\" rel=\"noopener noreferrer\" onclick=\"return false;\"><span class=\"uagb-inline-editing\">Ver m\u00e1s<\/span><svg xmlns=\"https:\/\/www.w3.org\/2000\/svg\" viewBox=\"0 0 320 512\"><path d=\"M96 480c-8.188 0-16.38-3.125-22.62-9.375c-12.5-12.5-12.5-32.75 0-45.25L242.8 256L73.38 86.63c-12.5-12.5-12.5-32.75 0-45.25s32.75-12.5 45.25 0l192 192c12.5 12.5 12.5 32.75 0 45.25l-192 192C112.4 476.9 104.2 480 96 480z\"><\/path><\/svg><\/a><\/div><\/div><\/div>\n<\/div>\n<\/div><\/div>\n\n\n\n<div class=\"wp-block-uagb-container uagb-block-6e4539bf alignfull uagb-is-root-container\"><div class=\"uagb-container-inner-blocks-wrap\">\n<div class=\"wp-block-uagb-info-box uagb-block-a129129e uagb-infobox__content-wrap  uagb-infobox-icon-above-title uagb-infobox-image-valign-top\"><div class=\"uagb-ifb-content\"><div class=\"uagb-ifb-title-wrap\"><h4 class=\"uagb-ifb-title\">La manera en que nacemos es de suma importancia para el desarrollo de nuestra capacidad de amar.<\/h4><\/div><p class=\"uagb-ifb-desc\">Michel Odent<\/p><\/div><\/div>\n<\/div><\/div>\n\n\n\n<h2 class=\"wp-block-heading\">QUIENES SOMOS<\/h2>\n\n\n\n<div class=\"wp-block-uagb-container uagb-block-6ff60372 alignfull uagb-is-root-container\"><div class=\"uagb-container-inner-blocks-wrap\">\n<div class=\"wp-block-uagb-container uagb-block-5d026d09\">\n<div class=\"wp-block-uagb-image uagb-block-0c8b858a wp-block-uagb-image--layout-default wp-block-uagb-image--effect-static wp-block-uagb-image--align-none\"><figure class=\"wp-block-uagb-image__figure\"><img decoding=\"async\" srcset=\"https:\/\/juanllamosas.com\/demo4\/wp-content\/uploads\/2026\/02\/doctores.jpg ,https:\/\/juanllamosas.com\/demo4\/wp-content\/uploads\/2026\/02\/doctores.jpg 780w, https:\/\/juanllamosas.com\/demo4\/wp-content\/uploads\/2026\/02\/doctores.jpg 360w\" sizes=\"auto, (max-width: 480px) 150px\" src=\"https:\/\/juanllamosas.com\/demo4\/wp-content\/uploads\/2026\/02\/doctores.jpg\" alt=\"\" class=\"uag-image-2138\" width=\"515\" height=\"515\" title=\"doctores\" loading=\"lazy\" role=\"img\"\/><\/figure><\/div>\n<\/div>\n\n\n\n<div class=\"wp-block-uagb-container uagb-block-02689e57\">\n<div class=\"wp-block-uagb-info-box uagb-block-f03fb66e uagb-infobox__content-wrap  uagb-infobox-icon-above-title uagb-infobox-image-valign-top\"><div class=\"uagb-ifb-content\"><div class=\"uagb-ifb-title-wrap\"><h1 class=\"uagb-ifb-title\">Qui\u00e9nes somos<\/h1><\/div><div class=\"uagb-ifb-separator\"><\/div><p class=\"uagb-ifb-desc\">Somos los doctores&nbsp;<strong>Carolina Jaeggli<\/strong>&nbsp;(pediatra especialista en psiquiatra infanto-juvenil) y&nbsp;<strong>Diego Halle<\/strong>&nbsp;(obstetra y ginec\u00f3logo especialista en salud primal). Casados hace 28 a\u00f1os, con tres hijos. Desde nuestras especialidades tan diferentes y tan complementarias al mismo tiempo,&nbsp;<strong>decidimos unirnos en este proyecto.<\/strong><\/p><\/div><\/div>\n<\/div>\n<\/div><\/div>\n\n\n\n<div class=\"wp-block-uagb-container uagb-block-726936b6 alignfull uagb-is-root-container\"><div class=\"uagb-container-inner-blocks-wrap\">\n<p>Hace m\u00e1s de 25 a\u00f1os que nos dedicamos a trabajar para la salud de las personas desde que est\u00e1n en el \u00fatero materno hasta la primera infancia, entendiendo que esta etapa es la de mayor vulnerabilidad para la aparici\u00f3n de patolog\u00edas a futuro (etapa de Salud Primal).<\/p>\n\n\n\n<p><strong>Ramas de la medicina como la Neurociencia, la Psiquiatr\u00eda o la Epigen\u00e9tica<\/strong>&nbsp;han avanzado en los \u00faltimos a\u00f1os en el conocimiento de enfermedades autoinmunes, diabetes, autismo, anorexia, depresi\u00f3n, esquizofrenia, adicciones, alergias, asma, etc.<\/p>\n\n\n\n<p>Como m\u00e9dicos y padres,&nbsp;<strong>siempre so\u00f1amos con poder crear un centro<\/strong>&nbsp;que pueda informar, contener y acompa\u00f1ar a las familias, trabajando sobre los miedos, los v\u00ednculos, la confianza y el apego.<\/p>\n\n\n\n<div class=\"wp-block-uagb-info-box uagb-block-2ede1e16 uagb-infobox__content-wrap  uagb-infobox-icon-above-title uagb-infobox-image-valign-top\"><div class=\"uagb-ifb-content\"><div class=\"uagb-ifb-title-wrap\"><h1 class=\"uagb-ifb-title\"><strong>Este m\u00e9todo apunta a tomar conciencia de la responsabilidad que tenemos como padres<\/strong>&nbsp;de darles a nuestros hijos las mejores herramientas para el futuro de su salud y para aumentar su capacidad de amar.<\/h1><\/div><div class=\"uagb-ifb-separator\"><\/div><\/div><\/div>\n\n\n\n<p>Hoy lo podemos llevar a cabo gracias a un equipo de profesionales que nos acompa\u00f1a con el compromiso y la convicci\u00f3n de que, trabajando con amor y buena informaci\u00f3n,&nbsp;<strong>podemos generar un mundo mejor.<\/strong><\/p>\n<\/div><\/div>\n\n\n\n<h2 class=\"wp-block-heading\">CONTACTO<\/h2>\n\n\n\n<div class=\"wp-block-uagb-container uagb-block-71a479fe alignfull uagb-is-root-container\"><div class=\"uagb-container-inner-blocks-wrap\">\n<div class=\"wp-block-uagb-container uagb-block-ccf999e3\">\n<div class=\"wp-block-uagb-info-box uagb-block-d5d9701d uagb-infobox__content-wrap  uagb-infobox-icon-above-title uagb-infobox-image-valign-top\"><div class=\"uagb-ifb-content\"><div class=\"uagb-ifb-title-wrap\"><h1 class=\"uagb-ifb-title\">Contacto<\/h1><\/div><div class=\"uagb-ifb-separator\"><\/div><\/div><\/div>\n<\/div>\n<\/div><\/div>\n\n\n\n<div class=\"wp-block-uagb-container uagb-block-3bb2fd6f alignfull uagb-is-root-container\"><div class=\"uagb-container-inner-blocks-wrap\">\n<div class=\"wp-block-uagb-info-box uagb-block-9e768062 uagb-infobox__content-wrap  uagb-infobox-icon-above-title uagb-infobox-image-valign-top\"><div class=\"uagb-ifb-content\"><div class=\"uagb-ifb-title-wrap\"><h2 class=\"uagb-ifb-title\">Despeja tus dudas y conversa con nuestro equipo, estamos a tu disposici\u00f3n<\/h2><\/div><div class=\"uagb-ifb-separator\"><\/div><div class=\"uagb-ifb-button-wrapper wp-block-button\"><a href=\"https:\/\/api.whatsapp.com\/send\/?phone=541130319144\" class=\"uagb-infobox-cta-link ast-outline-button\" target=\"_blank\" rel=\"noopener noreferrer\" style=\"border-width:revert-layer\" onclick=\"return true;\"><svg xmlns=\"https:\/\/www.w3.org\/2000\/svg\" viewBox=\"0 0 448 512\"><path d=\"M380.9 97.1C339 55.1 283.2 32 223.9 32c-122.4 0-222 99.6-222 222 0 39.1 10.2 77.3 29.6 111L0 480l117.7-30.9c32.4 17.7 68.9 27 106.1 27h.1c122.3 0 224.1-99.6 224.1-222 0-59.3-25.2-115-67.1-157zm-157 341.6c-33.2 0-65.7-8.9-94-25.7l-6.7-4-69.8 18.3L72 359.2l-4.4-7c-18.5-29.4-28.2-63.3-28.2-98.2 0-101.7 82.8-184.5 184.6-184.5 49.3 0 95.6 19.2 130.4 54.1 34.8 34.9 56.2 81.2 56.1 130.5 0 101.8-84.9 184.6-186.6 184.6zm101.2-138.2c-5.5-2.8-32.8-16.2-37.9-18-5.1-1.9-8.8-2.8-12.5 2.8-3.7 5.6-14.3 18-17.6 21.8-3.2 3.7-6.5 4.2-12 1.4-32.6-16.3-54-29.1-75.5-66-5.7-9.8 5.7-9.1 16.3-30.3 1.8-3.7 .9-6.9-.5-9.7-1.4-2.8-12.5-30.1-17.1-41.2-4.5-10.8-9.1-9.3-12.5-9.5-3.2-.2-6.9-.2-10.6-.2-3.7 0-9.7 1.4-14.8 6.9-5.1 5.6-19.4 19-19.4 46.3 0 27.3 19.9 53.7 22.6 57.4 2.8 3.7 39.1 59.7 94.8 83.8 35.2 15.2 49 16.5 66.6 13.9 10.7-1.6 32.8-13.4 37.4-26.4 4.6-13 4.6-24.1 3.2-26.4-1.3-2.5-5-3.9-10.5-6.6z\"><\/path><\/svg><span class=\"uagb-inline-editing\">541130319144<\/span><\/a><\/div><\/div><\/div>\n\n\n\n<div class=\"wp-block-uagb-info-box uagb-block-212dc448 uagb-infobox__content-wrap  uagb-infobox-icon-above-title uagb-infobox-image-valign-top\"><div class=\"uagb-ifb-content\"><div class=\"uagb-ifb-title-wrap\"><\/div><div class=\"uagb-ifb-separator\"><\/div><div class=\"uagb-ifb-button-wrapper wp-block-button\"><a href=\"mailto:consultas@comparto.net\" class=\"uagb-infobox-cta-link ast-outline-button\" target=\"_blank\" rel=\"noopener noreferrer\" style=\"border-width:revert-layer\" onclick=\"return true;\"><svg xmlns=\"https:\/\/www.w3.org\/2000\/svg\" viewBox=\"0 0 512 512\"><path d=\"M464 64C490.5 64 512 85.49 512 112C512 127.1 504.9 141.3 492.8 150.4L275.2 313.6C263.8 322.1 248.2 322.1 236.8 313.6L19.2 150.4C7.113 141.3 0 127.1 0 112C0 85.49 21.49 64 48 64H464zM217.6 339.2C240.4 356.3 271.6 356.3 294.4 339.2L512 176V384C512 419.3 483.3 448 448 448H64C28.65 448 0 419.3 0 384V176L217.6 339.2z\"><\/path><\/svg><span class=\"uagb-inline-editing\">consultas@comparto.net<\/span><\/a><\/div><\/div><\/div>\n\n\n\n<div class=\"wp-block-uagb-info-box uagb-block-64e3ed3e uagb-infobox__content-wrap  uagb-infobox-icon-above-title uagb-infobox-image-valign-top\"><div class=\"uagb-ifb-content\"><div class=\"uagb-ifb-title-wrap\"><\/div><div class=\"uagb-ifb-separator\"><\/div><div class=\"uagb-ifb-button-wrapper wp-block-button\"><a href=\"tel:+541130319144\" class=\"uagb-infobox-cta-link ast-outline-button\" target=\"_blank\" rel=\"noopener noreferrer\" style=\"border-width:revert-layer\" onclick=\"return true;\"><svg xmlns=\"https:\/\/www.w3.org\/2000\/svg\" viewBox=\"0 0 512 512\"><path d=\"M511.2 387l-23.25 100.8c-3.266 14.25-15.79 24.22-30.46 24.22C205.2 512 0 306.8 0 54.5c0-14.66 9.969-27.2 24.22-30.45l100.8-23.25C139.7-2.602 154.7 5.018 160.8 18.92l46.52 108.5c5.438 12.78 1.77 27.67-8.98 36.45L144.5 207.1c33.98 69.22 90.26 125.5 159.5 159.5l44.08-53.8c8.688-10.78 23.69-14.51 36.47-8.975l108.5 46.51C506.1 357.2 514.6 372.4 511.2 387z\"><\/path><\/svg><span class=\"uagb-inline-editing\">+54 11 3031-9144<\/span><\/a><\/div><\/div><\/div>\n\n\n\n<p><\/p>\n<\/div><\/div>\n","protected":false},"excerpt":{"rendered":"<p>QUIENES SOMOS Hace m\u00e1s de 25 a\u00f1os que nos dedicamos a trabajar para la salud de las personas desde que est\u00e1n en el \u00fatero materno hasta la primera infancia, entendiendo que esta etapa es la de mayor vulnerabilidad para la aparici\u00f3n de patolog\u00edas a futuro (etapa de Salud Primal). Ramas de la medicina como la [&hellip;]<\/p>\n","protected":false},"author":1,"featured_media":0,"parent":0,"menu_order":0,"comment_status":"closed","ping_status":"closed","template":"","meta":{"_uag_custom_page_level_css":"","site-sidebar-layout":"default","site-content-layout":"","ast-site-content-layout":"default","site-content-style":"default","site-sidebar-style":"default","ast-global-header-display":"","ast-banner-title-visibility":"","ast-main-header-display":"","ast-hfb-above-header-display":"","ast-hfb-below-header-display":"","ast-hfb-mobile-header-display":"","site-post-title":"disabled","ast-breadcrumbs-content":"","ast-featured-img":"","footer-sml-layout":"","ast-disable-related-posts":"","theme-transparent-header-meta":"","adv-header-id-meta":"","stick-header-meta":"","header-above-stick-meta":"","header-main-stick-meta":"","header-below-stick-meta":"","astra-migrate-meta-layouts":"set","ast-page-background-enabled":"default","ast-page-background-meta":{"desktop":{"background-color":"var(--ast-global-color-4)","background-image":"","background-repeat":"repeat","background-position":"center center","background-size":"auto","background-attachment":"scroll","background-type":"","background-media":"","overlay-type":"","overlay-color":"","overlay-opacity":"","overlay-gradient":""},"tablet":{"background-color":"","background-image":"","background-repeat":"repeat","background-position":"center center","background-size":"auto","background-attachment":"scroll","background-type":"","background-media":"","overlay-type":"","overlay-color":"","overlay-opacity":"","overlay-gradient":""},"mobile":{"background-color":"","background-image":"","background-repeat":"repeat","background-position":"center center","background-size":"auto","background-attachment":"scroll","background-type":"","background-media":"","overlay-type":"","overlay-color":"","overlay-opacity":"","overlay-gradient":""}},"ast-content-background-meta":{"desktop":{"background-color":"var(--ast-global-color-5)","background-image":"","background-repeat":"repeat","background-position":"center center","background-size":"auto","background-attachment":"scroll","background-type":"","background-media":"","overlay-type":"","overlay-color":"","overlay-opacity":"","overlay-gradient":""},"tablet":{"background-color":"var(--ast-global-color-5)","background-image":"","background-repeat":"repeat","background-position":"center center","background-size":"auto","background-attachment":"scroll","background-type":"","background-media":"","overlay-type":"","overlay-color":"","overlay-opacity":"","overlay-gradient":""},"mobile":{"background-color":"var(--ast-global-color-5)","background-image":"","background-repeat":"repeat","background-position":"center center","background-size":"auto","background-attachment":"scroll","background-type":"","background-media":"","overlay-type":"","overlay-color":"","overlay-opacity":"","overlay-gradient":""}},"footnotes":""},"class_list":["post-2044","page","type-page","status-publish","hentry"],"uagb_featured_image_src":{"full":false,"thumbnail":false,"medium":false,"medium_large":false,"large":false,"1536x1536":false,"2048x2048":false},"uagb_author_info":{"display_name":"dadmin","author_link":"https:\/\/juanllamosas.com\/demo4\/author\/dadmin\/"},"uagb_comment_info":0,"uagb_excerpt":"QUIENES SOMOS Hace m\u00e1s de 25 a\u00f1os que nos dedicamos a trabajar para la salud de las personas desde que est\u00e1n en el \u00fatero materno hasta la primera infancia, entendiendo que esta etapa es la de mayor vulnerabilidad para la aparici\u00f3n de patolog\u00edas a futuro (etapa de Salud Primal). Ramas de la medicina como la&hellip;","_links":{"self":[{"href":"https:\/\/juanllamosas.com\/demo4\/wp-json\/wp\/v2\/pages\/2044","targetHints":{"allow":["GET"]}}],"collection":[{"href":"https:\/\/juanllamosas.com\/demo4\/wp-json\/wp\/v2\/pages"}],"about":[{"href":"https:\/\/juanllamosas.com\/demo4\/wp-json\/wp\/v2\/types\/page"}],"author":[{"embeddable":true,"href":"https:\/\/juanllamosas.com\/demo4\/wp-json\/wp\/v2\/users\/1"}],"replies":[{"embeddable":true,"href":"https:\/\/juanllamosas.com\/demo4\/wp-json\/wp\/v2\/comments?post=2044"}],"version-history":[{"count":72,"href":"https:\/\/juanllamosas.com\/demo4\/wp-json\/wp\/v2\/pages\/2044\/revisions"}],"predecessor-version":[{"id":2196,"href":"https:\/\/juanllamosas.com\/demo4\/wp-json\/wp\/v2\/pages\/2044\/revisions\/2196"}],"wp:attachment":[{"href":"https:\/\/juanllamosas.com\/demo4\/wp-json\/wp\/v2\/media?parent=2044"}],"curies":[{"name":"wp","href":"https:\/\/api.w.org\/{rel}","templated":true}]}}